{"id":915,"date":"2025-06-01T21:21:53","date_gmt":"2025-06-01T21:21:53","guid":{"rendered":"https:\/\/www.faopack.com\/product\/aluminyum-tabak-500-l-1000-adet\/"},"modified":"2025-11-20T22:03:48","modified_gmt":"2025-11-20T22:03:48","slug":"aluminyum-tabak-500-l-1000-adet","status":"publish","type":"product","link":"https:\/\/www.faopack.com\/tr\/urun\/aluminyum-tabak-500-l-1000-adet\/","title":{"rendered":"Al\u00fcminyum Plaka ve kapak L901R14 1000 adet"},"content":{"rendered":"<p>Al\u00fcminyum kaselerimiz, \u00e7ok y\u00f6nl\u00fc, pratik ve \u00e7evre dostu bir ambalaj se\u00e7ene\u011fi arayan herkes i\u00e7in m\u00fckemmel bir \u00e7\u00f6z\u00fcmd\u00fcr. Sipari\u015finizi verin ve bu al\u00fcminyum kaplar\u0131n y\u00fcksek kalitesinden ve g\u00fcvenilirli\u011finden yararlan\u0131n!<\/p>","protected":false},"excerpt":{"rendered":"<p>G\u0131da ambalajlar\u0131 <\/p>","protected":false},"featured_media":957,"comment_status":"open","ping_status":"closed","template":"","meta":[],"product_brand":[75],"product_cat":[62,63],"product_tag":[],"class_list":{"0":"post-915","1":"product","2":"type-product","3":"status-publish","4":"has-post-thumbnail","6":"product_brand-faopack","7":"product_cat-packaging","8":"product_cat-plastic-box","10":"first","11":"instock","12":"taxable","13":"shipping-taxable","14":"purchasable","15":"product-type-simple"},"_links":{"self":[{"href":"https:\/\/www.faopack.com\/tr\/wp-json\/wp\/v2\/product\/915","targetHints":{"allow":["GET"]}}],"collection":[{"href":"https:\/\/www.faopack.com\/tr\/wp-json\/wp\/v2\/product"}],"about":[{"href":"https:\/\/www.faopack.com\/tr\/wp-json\/wp\/v2\/types\/product"}],"replies":[{"embeddable":true,"href":"https:\/\/www.faopack.com\/tr\/wp-json\/wp\/v2\/comments?post=915"}],"wp:featuredmedia":[{"embeddable":true,"href":"https:\/\/www.faopack.com\/tr\/wp-json\/wp\/v2\/media\/957"}],"wp:attachment":[{"href":"https:\/\/www.faopack.com\/tr\/wp-json\/wp\/v2\/media?parent=915"}],"wp:term":[{"taxonomy":"product_brand","embeddable":true,"href":"https:\/\/www.faopack.com\/tr\/wp-json\/wp\/v2\/product_brand?post=915"},{"taxonomy":"product_cat","embeddable":true,"href":"https:\/\/www.faopack.com\/tr\/wp-json\/wp\/v2\/product_cat?post=915"},{"taxonomy":"product_tag","embeddable":true,"href":"https:\/\/www.faopack.com\/tr\/wp-json\/wp\/v2\/product_tag?post=915"}],"curies":[{"name":"wp","href":"https:\/\/api.w.org\/{rel}","templated":true}]}}