{"id":916,"date":"2025-06-01T21:21:53","date_gmt":"2025-06-01T21:21:53","guid":{"rendered":"https:\/\/www.faopack.com\/product\/papteller-23cm-6250-adet\/"},"modified":"2025-11-20T22:03:48","modified_gmt":"2025-11-20T22:03:48","slug":"papteller-23cm-6250-adet","status":"publish","type":"product","link":"https:\/\/www.faopack.com\/tr\/urun\/papteller-23cm-6250-adet\/","title":{"rendered":"Ka\u011f\u0131t Tabak 23 cm 500 adet Beyaz"},"content":{"rendered":"<p>\u00c7evre dostu ka\u011f\u0131t tabaklar at\u0131\u015ft\u0131rmal\u0131klar, ana yemekler veya tatl\u0131lar i\u00e7in idealdir. Etkinlikler, catering hizmetleri ve g\u00fcnl\u00fck kullan\u0131m i\u00e7in m\u00fckemmeldir. Sa\u011flam yap\u0131lar\u0131 sayesinde tabaklar g\u00fcvenle kullan\u0131labilirken, \u00e7evre dostu malzemeleri s\u00fcrd\u00fcr\u00fclebilirli\u011fe verdi\u011finiz \u00f6nemi g\u00f6sterir.<\/p>","protected":false},"excerpt":{"rendered":"<p>G\u0131da ambalajlar\u0131 <\/p>","protected":false},"featured_media":958,"comment_status":"open","ping_status":"closed","template":"","meta":[],"product_brand":[75],"product_cat":[62,63],"product_tag":[],"class_list":{"0":"post-916","1":"product","2":"type-product","3":"status-publish","4":"has-post-thumbnail","6":"product_brand-faopack","7":"product_cat-packaging","8":"product_cat-plastic-box","10":"first","11":"instock","12":"taxable","13":"shipping-taxable","14":"purchasable","15":"product-type-simple"},"_links":{"self":[{"href":"https:\/\/www.faopack.com\/tr\/wp-json\/wp\/v2\/product\/916","targetHints":{"allow":["GET"]}}],"collection":[{"href":"https:\/\/www.faopack.com\/tr\/wp-json\/wp\/v2\/product"}],"about":[{"href":"https:\/\/www.faopack.com\/tr\/wp-json\/wp\/v2\/types\/product"}],"replies":[{"embeddable":true,"href":"https:\/\/www.faopack.com\/tr\/wp-json\/wp\/v2\/comments?post=916"}],"wp:featuredmedia":[{"embeddable":true,"href":"https:\/\/www.faopack.com\/tr\/wp-json\/wp\/v2\/media\/958"}],"wp:attachment":[{"href":"https:\/\/www.faopack.com\/tr\/wp-json\/wp\/v2\/media?parent=916"}],"wp:term":[{"taxonomy":"product_brand","embeddable":true,"href":"https:\/\/www.faopack.com\/tr\/wp-json\/wp\/v2\/product_brand?post=916"},{"taxonomy":"product_cat","embeddable":true,"href":"https:\/\/www.faopack.com\/tr\/wp-json\/wp\/v2\/product_cat?post=916"},{"taxonomy":"product_tag","embeddable":true,"href":"https:\/\/www.faopack.com\/tr\/wp-json\/wp\/v2\/product_tag?post=916"}],"curies":[{"name":"wp","href":"https:\/\/api.w.org\/{rel}","templated":true}]}}