{"id":921,"date":"2025-06-01T21:21:55","date_gmt":"2025-06-01T21:21:55","guid":{"rendered":"https:\/\/www.faopack.com\/product\/1300cc-salata-box-300-adet\/"},"modified":"2025-11-20T22:03:50","modified_gmt":"2025-11-20T22:03:50","slug":"1300cc-salata-kutusu-300-adet","status":"publish","type":"product","link":"https:\/\/www.faopack.com\/tr\/urun\/1300cc-salata-kutusu-300-adet\/","title":{"rendered":"1300cc salata kutusu 200 adet Zanaat"},"content":{"rendered":"<p>\u00c7ekici kahverengi tonu ve 1300 ml'lik geni\u015f kapasitesiyle kapakl\u0131 salata kasesi, m\u00fc\u015fterilerine b\u00fcy\u00fck porsiyonlu ve \u00e7ok y\u00f6nl\u00fc yemekler sunmak isteyen catering i\u015fletmeleri i\u00e7in ideal bir se\u00e7imdir. \u00c7evre dostu malzemeden \u00fcretilen bu y\u00fcksek kaliteli kase, \u00f6zellikle s\u0131cak ve so\u011fuk yemeklerin servis edilmesine uygundur.<\/p>","protected":false},"excerpt":{"rendered":"<p>G\u0131da ambalajlar\u0131 <\/p>","protected":false},"featured_media":953,"comment_status":"open","ping_status":"closed","template":"","meta":[],"product_brand":[75],"product_cat":[62,63],"product_tag":[],"class_list":{"0":"post-921","1":"product","2":"type-product","3":"status-publish","4":"has-post-thumbnail","6":"product_brand-faopack","7":"product_cat-packaging","8":"product_cat-plastic-box","10":"first","11":"instock","12":"taxable","13":"shipping-taxable","14":"purchasable","15":"product-type-simple"},"_links":{"self":[{"href":"https:\/\/www.faopack.com\/tr\/wp-json\/wp\/v2\/product\/921","targetHints":{"allow":["GET"]}}],"collection":[{"href":"https:\/\/www.faopack.com\/tr\/wp-json\/wp\/v2\/product"}],"about":[{"href":"https:\/\/www.faopack.com\/tr\/wp-json\/wp\/v2\/types\/product"}],"replies":[{"embeddable":true,"href":"https:\/\/www.faopack.com\/tr\/wp-json\/wp\/v2\/comments?post=921"}],"wp:featuredmedia":[{"embeddable":true,"href":"https:\/\/www.faopack.com\/tr\/wp-json\/wp\/v2\/media\/953"}],"wp:attachment":[{"href":"https:\/\/www.faopack.com\/tr\/wp-json\/wp\/v2\/media?parent=921"}],"wp:term":[{"taxonomy":"product_brand","embeddable":true,"href":"https:\/\/www.faopack.com\/tr\/wp-json\/wp\/v2\/product_brand?post=921"},{"taxonomy":"product_cat","embeddable":true,"href":"https:\/\/www.faopack.com\/tr\/wp-json\/wp\/v2\/product_cat?post=921"},{"taxonomy":"product_tag","embeddable":true,"href":"https:\/\/www.faopack.com\/tr\/wp-json\/wp\/v2\/product_tag?post=921"}],"curies":[{"name":"wp","href":"https:\/\/api.w.org\/{rel}","templated":true}]}}